{"id":5197,"date":"2020-02-28T14:27:06","date_gmt":"2020-02-28T14:27:06","guid":{"rendered":"https:\/\/liva-liguria.com\/product\/liva-extra-virgin-olive-oil\/"},"modified":"2021-03-15T15:29:29","modified_gmt":"2021-03-15T15:29:29","slug":"liva-natives-olivenol-extra","status":"publish","type":"product","link":"https:\/\/liva-liguria.com\/de\/produkt\/liva-natives-olivenol-extra\/","title":{"rendered":"LIVA \u2014 Natives Oliven\u00f6l Extra"},"content":{"rendered":"<p>500 ml des nat\u00fcrlichen Taggiasca Oliven\u00f6ls ist die richtige Wahl f\u00fcr alle neugierigen M\u00fcnder, die Liva probieren m\u00f6chten. Die innerhalb weniger Stunden geernteten und verarbeiteten Oliven warten geduldig darauf nun als fl\u00fcssiges Gold mit ihrem einzigartig milden und s\u00fc\u00dflichen Geschmack ihrem Verkoster die Mahlzeiten zu bereichern.<\/p>\n","protected":false},"excerpt":{"rendered":"<p>500 ml des nat\u00fcrlichen Taggiasca Oliven\u00f6ls ist die richtige Wahl f\u00fcr alle neugierigen M\u00fcnder, die Liva probieren m\u00f6chten. Die innerhalb weniger Stunden geernteten und verarbeiteten Oliven warten geduldig darauf nun als fl\u00fcssiges Gold mit ihrem einzigartig milden und s\u00fc\u00dflichen Geschmack ihrem Verkoster die Mahlzeiten zu bereichern. <\/p>\n<ul>\n<li>Ausschlie\u00dflich traditionelle Ernte und Verarbeitung<\/li>\n<li>Jede Flasche Liva Oliven\u00f6l wird von Hand abgef\u00fcllt und versandbereit gemacht. Durch die ausschlie\u00dfliche Handarbeit kann es vereinzelt zu Undichtheit nach dem ersten \u00d6ffnen kommen<\/li>\n<li>Aus Taggiasca Oliven gewonnenes \u00d6l gilt als besonders samtig und weich, auffallend\u00a0wenige Bitterstofffe<\/li>\n<li>Von \u00c4rzten empfohlen auf Grund reichhaltiger Inhaltsstoffe, wie Vitamine und\u00a0Mineralien<\/li>\n<li>F\u00fcr eine gesunde Ern\u00e4hrung und gute Vertr\u00e4glichkeit<\/li>\n<\/ul>\n<p><small>Aufgrund von Covid-19 bedingten Lieferproblemen f\u00fcllen wir das Oliven\u00f6l vereinzelt in andere Flaschen ein, welche optisch von den dargestellten Produkten abweichen k\u00f6nnen.<\/small><\/p>\n","protected":false},"featured_media":6010,"template":"","meta":{"_acf_changed":false},"product_brand":[],"product_cat":[104],"product_tag":[],"class_list":{"0":"post-5197","1":"product","2":"type-product","3":"status-publish","4":"has-post-thumbnail","6":"product_cat-olivenoel","8":"first","9":"instock","10":"taxable","11":"shipping-taxable","12":"purchasable","13":"product-type-simple"},"acf":[],"yoast_head":"<!-- This site is optimized with the Yoast SEO plugin v24.8.1 - https:\/\/yoast.com\/wordpress\/plugins\/seo\/ -->\n<title>LIVA \u2014 Natives Oliven\u00f6l Extra - aus dem Nordwesten Italiens<\/title>\n<meta name=\"description\" content=\"LIVA Natives Oliven\u00f6l - edel und sanft \u2713 einzigartig mild und s\u00fc\u00dflich im Geschmack \u2713 traditionelle Ernte und Verarbeitung \u2713 reichhaltige Inhaltsstoffe\" \/>\n<meta name=\"robots\" content=\"index, follow, max-snippet:-1, max-image-preview:large, max-video-preview:-1\" \/>\n<link rel=\"canonical\" href=\"https:\/\/liva-liguria.com\/de\/produkt\/liva-natives-olivenol-extra\/\" \/>\n<meta property=\"og:locale\" content=\"de_DE\" \/>\n<meta property=\"og:type\" content=\"article\" \/>\n<meta property=\"og:title\" content=\"LIVA \u2014 Natives Oliven\u00f6l Extra - aus dem Nordwesten Italiens\" \/>\n<meta property=\"og:description\" content=\"LIVA Natives Oliven\u00f6l - edel und sanft \u2713 einzigartig mild und s\u00fc\u00dflich im Geschmack \u2713 traditionelle Ernte und Verarbeitung \u2713 reichhaltige Inhaltsstoffe\" \/>\n<meta property=\"og:url\" content=\"https:\/\/liva-liguria.com\/de\/produkt\/liva-natives-olivenol-extra\/\" \/>\n<meta property=\"og:site_name\" content=\"LIVA Extra virgin olive oil\" \/>\n<meta property=\"article:modified_time\" content=\"2021-03-15T15:29:29+00:00\" \/>\n<meta property=\"og:image\" content=\"https:\/\/liva-liguria.com\/wp-content\/uploads\/2020\/02\/Liva_Boxes-18-scaled.jpg\" \/>\n\t<meta property=\"og:image:width\" content=\"2560\" \/>\n\t<meta property=\"og:image:height\" content=\"2560\" \/>\n\t<meta property=\"og:image:type\" content=\"image\/jpeg\" \/>\n<meta name=\"twitter:card\" content=\"summary_large_image\" \/>\n<script type=\"application\/ld+json\" class=\"yoast-schema-graph\">{\"@context\":\"https:\/\/schema.org\",\"@graph\":[{\"@type\":\"WebPage\",\"@id\":\"https:\/\/liva-liguria.com\/de\/produkt\/liva-natives-olivenol-extra\/\",\"url\":\"https:\/\/liva-liguria.com\/de\/produkt\/liva-natives-olivenol-extra\/\",\"name\":\"LIVA \u2014 Natives Oliven\u00f6l Extra - aus dem Nordwesten Italiens\",\"isPartOf\":{\"@id\":\"https:\/\/liva-liguria.com\/de\/#website\"},\"primaryImageOfPage\":{\"@id\":\"https:\/\/liva-liguria.com\/de\/produkt\/liva-natives-olivenol-extra\/#primaryimage\"},\"image\":{\"@id\":\"https:\/\/liva-liguria.com\/de\/produkt\/liva-natives-olivenol-extra\/#primaryimage\"},\"thumbnailUrl\":\"https:\/\/liva-liguria.com\/wp-content\/uploads\/2020\/02\/Liva_Boxes-18-scaled.jpg\",\"datePublished\":\"2020-02-28T14:27:06+00:00\",\"dateModified\":\"2021-03-15T15:29:29+00:00\",\"description\":\"LIVA Natives Oliven\u00f6l - edel und sanft \u2713 einzigartig mild und s\u00fc\u00dflich im Geschmack \u2713 traditionelle Ernte und Verarbeitung \u2713 reichhaltige Inhaltsstoffe\",\"breadcrumb\":{\"@id\":\"https:\/\/liva-liguria.com\/de\/produkt\/liva-natives-olivenol-extra\/#breadcrumb\"},\"inLanguage\":\"de-DE\",\"potentialAction\":[{\"@type\":\"ReadAction\",\"target\":[\"https:\/\/liva-liguria.com\/de\/produkt\/liva-natives-olivenol-extra\/\"]}]},{\"@type\":\"ImageObject\",\"inLanguage\":\"de-DE\",\"@id\":\"https:\/\/liva-liguria.com\/de\/produkt\/liva-natives-olivenol-extra\/#primaryimage\",\"url\":\"https:\/\/liva-liguria.com\/wp-content\/uploads\/2020\/02\/Liva_Boxes-18-scaled.jpg\",\"contentUrl\":\"https:\/\/liva-liguria.com\/wp-content\/uploads\/2020\/02\/Liva_Boxes-18-scaled.jpg\",\"width\":2560,\"height\":2560},{\"@type\":\"BreadcrumbList\",\"@id\":\"https:\/\/liva-liguria.com\/de\/produkt\/liva-natives-olivenol-extra\/#breadcrumb\",\"itemListElement\":[{\"@type\":\"ListItem\",\"position\":1,\"name\":\"Home\",\"item\":\"https:\/\/liva-liguria.com\/de\/\"},{\"@type\":\"ListItem\",\"position\":2,\"name\":\"Shop\",\"item\":\"https:\/\/liva-liguria.com\/de\/shop\/\"},{\"@type\":\"ListItem\",\"position\":3,\"name\":\"LIVA \u2014 Natives Oliven\u00f6l Extra\"}]},{\"@type\":\"WebSite\",\"@id\":\"https:\/\/liva-liguria.com\/de\/#website\",\"url\":\"https:\/\/liva-liguria.com\/de\/\",\"name\":\"LIVA Extra virgin olive oil\",\"description\":\"\",\"publisher\":{\"@id\":\"https:\/\/liva-liguria.com\/de\/#organization\"},\"potentialAction\":[{\"@type\":\"SearchAction\",\"target\":{\"@type\":\"EntryPoint\",\"urlTemplate\":\"https:\/\/liva-liguria.com\/de\/?s={search_term_string}\"},\"query-input\":{\"@type\":\"PropertyValueSpecification\",\"valueRequired\":true,\"valueName\":\"search_term_string\"}}],\"inLanguage\":\"de-DE\"},{\"@type\":\"Organization\",\"@id\":\"https:\/\/liva-liguria.com\/de\/#organization\",\"name\":\"LIVA\",\"url\":\"https:\/\/liva-liguria.com\/de\/\",\"logo\":{\"@type\":\"ImageObject\",\"inLanguage\":\"de-DE\",\"@id\":\"https:\/\/liva-liguria.com\/de\/#\/schema\/logo\/image\/\",\"url\":\"https:\/\/liva-liguria.com\/wp-content\/uploads\/2020\/02\/liva-logo-subline-e1607454498284.png\",\"contentUrl\":\"https:\/\/liva-liguria.com\/wp-content\/uploads\/2020\/02\/liva-logo-subline-e1607454498284.png\",\"width\":170,\"height\":184,\"caption\":\"LIVA\"},\"image\":{\"@id\":\"https:\/\/liva-liguria.com\/de\/#\/schema\/logo\/image\/\"}}]}<\/script>\n<!-- \/ Yoast SEO plugin. -->","yoast_head_json":{"title":"LIVA \u2014 Natives Oliven\u00f6l Extra - aus dem Nordwesten Italiens","description":"LIVA Natives Oliven\u00f6l - edel und sanft \u2713 einzigartig mild und s\u00fc\u00dflich im Geschmack \u2713 traditionelle Ernte und Verarbeitung \u2713 reichhaltige Inhaltsstoffe","robots":{"index":"index","follow":"follow","max-snippet":"max-snippet:-1","max-image-preview":"max-image-preview:large","max-video-preview":"max-video-preview:-1"},"canonical":"https:\/\/liva-liguria.com\/de\/produkt\/liva-natives-olivenol-extra\/","og_locale":"de_DE","og_type":"article","og_title":"LIVA \u2014 Natives Oliven\u00f6l Extra - aus dem Nordwesten Italiens","og_description":"LIVA Natives Oliven\u00f6l - edel und sanft \u2713 einzigartig mild und s\u00fc\u00dflich im Geschmack \u2713 traditionelle Ernte und Verarbeitung \u2713 reichhaltige Inhaltsstoffe","og_url":"https:\/\/liva-liguria.com\/de\/produkt\/liva-natives-olivenol-extra\/","og_site_name":"LIVA Extra virgin olive oil","article_modified_time":"2021-03-15T15:29:29+00:00","og_image":[{"width":2560,"height":2560,"url":"https:\/\/liva-liguria.com\/wp-content\/uploads\/2020\/02\/Liva_Boxes-18-scaled.jpg","type":"image\/jpeg"}],"twitter_card":"summary_large_image","schema":{"@context":"https:\/\/schema.org","@graph":[{"@type":"WebPage","@id":"https:\/\/liva-liguria.com\/de\/produkt\/liva-natives-olivenol-extra\/","url":"https:\/\/liva-liguria.com\/de\/produkt\/liva-natives-olivenol-extra\/","name":"LIVA \u2014 Natives Oliven\u00f6l Extra - aus dem Nordwesten Italiens","isPartOf":{"@id":"https:\/\/liva-liguria.com\/de\/#website"},"primaryImageOfPage":{"@id":"https:\/\/liva-liguria.com\/de\/produkt\/liva-natives-olivenol-extra\/#primaryimage"},"image":{"@id":"https:\/\/liva-liguria.com\/de\/produkt\/liva-natives-olivenol-extra\/#primaryimage"},"thumbnailUrl":"https:\/\/liva-liguria.com\/wp-content\/uploads\/2020\/02\/Liva_Boxes-18-scaled.jpg","datePublished":"2020-02-28T14:27:06+00:00","dateModified":"2021-03-15T15:29:29+00:00","description":"LIVA Natives Oliven\u00f6l - edel und sanft \u2713 einzigartig mild und s\u00fc\u00dflich im Geschmack \u2713 traditionelle Ernte und Verarbeitung \u2713 reichhaltige Inhaltsstoffe","breadcrumb":{"@id":"https:\/\/liva-liguria.com\/de\/produkt\/liva-natives-olivenol-extra\/#breadcrumb"},"inLanguage":"de-DE","potentialAction":[{"@type":"ReadAction","target":["https:\/\/liva-liguria.com\/de\/produkt\/liva-natives-olivenol-extra\/"]}]},{"@type":"ImageObject","inLanguage":"de-DE","@id":"https:\/\/liva-liguria.com\/de\/produkt\/liva-natives-olivenol-extra\/#primaryimage","url":"https:\/\/liva-liguria.com\/wp-content\/uploads\/2020\/02\/Liva_Boxes-18-scaled.jpg","contentUrl":"https:\/\/liva-liguria.com\/wp-content\/uploads\/2020\/02\/Liva_Boxes-18-scaled.jpg","width":2560,"height":2560},{"@type":"BreadcrumbList","@id":"https:\/\/liva-liguria.com\/de\/produkt\/liva-natives-olivenol-extra\/#breadcrumb","itemListElement":[{"@type":"ListItem","position":1,"name":"Home","item":"https:\/\/liva-liguria.com\/de\/"},{"@type":"ListItem","position":2,"name":"Shop","item":"https:\/\/liva-liguria.com\/de\/shop\/"},{"@type":"ListItem","position":3,"name":"LIVA \u2014 Natives Oliven\u00f6l Extra"}]},{"@type":"WebSite","@id":"https:\/\/liva-liguria.com\/de\/#website","url":"https:\/\/liva-liguria.com\/de\/","name":"LIVA Extra virgin olive oil","description":"","publisher":{"@id":"https:\/\/liva-liguria.com\/de\/#organization"},"potentialAction":[{"@type":"SearchAction","target":{"@type":"EntryPoint","urlTemplate":"https:\/\/liva-liguria.com\/de\/?s={search_term_string}"},"query-input":{"@type":"PropertyValueSpecification","valueRequired":true,"valueName":"search_term_string"}}],"inLanguage":"de-DE"},{"@type":"Organization","@id":"https:\/\/liva-liguria.com\/de\/#organization","name":"LIVA","url":"https:\/\/liva-liguria.com\/de\/","logo":{"@type":"ImageObject","inLanguage":"de-DE","@id":"https:\/\/liva-liguria.com\/de\/#\/schema\/logo\/image\/","url":"https:\/\/liva-liguria.com\/wp-content\/uploads\/2020\/02\/liva-logo-subline-e1607454498284.png","contentUrl":"https:\/\/liva-liguria.com\/wp-content\/uploads\/2020\/02\/liva-logo-subline-e1607454498284.png","width":170,"height":184,"caption":"LIVA"},"image":{"@id":"https:\/\/liva-liguria.com\/de\/#\/schema\/logo\/image\/"}}]}},"_links":{"self":[{"href":"https:\/\/liva-liguria.com\/de\/wp-json\/wp\/v2\/product\/5197","targetHints":{"allow":["GET"]}}],"collection":[{"href":"https:\/\/liva-liguria.com\/de\/wp-json\/wp\/v2\/product"}],"about":[{"href":"https:\/\/liva-liguria.com\/de\/wp-json\/wp\/v2\/types\/product"}],"wp:featuredmedia":[{"embeddable":true,"href":"https:\/\/liva-liguria.com\/de\/wp-json\/wp\/v2\/media\/6010"}],"wp:attachment":[{"href":"https:\/\/liva-liguria.com\/de\/wp-json\/wp\/v2\/media?parent=5197"}],"wp:term":[{"taxonomy":"product_brand","embeddable":true,"href":"https:\/\/liva-liguria.com\/de\/wp-json\/wp\/v2\/product_brand?post=5197"},{"taxonomy":"product_cat","embeddable":true,"href":"https:\/\/liva-liguria.com\/de\/wp-json\/wp\/v2\/product_cat?post=5197"},{"taxonomy":"product_tag","embeddable":true,"href":"https:\/\/liva-liguria.com\/de\/wp-json\/wp\/v2\/product_tag?post=5197"}],"curies":[{"name":"wp","href":"https:\/\/api.w.org\/{rel}","templated":true}]}}