{"id":5179,"date":"2020-02-27T10:55:44","date_gmt":"2020-02-27T10:55:44","guid":{"rendered":"https:\/\/liva-liguria.com\/product\/liva-extra-virgin-olive-oil-box-of-6\/"},"modified":"2021-03-15T15:29:30","modified_gmt":"2021-03-15T15:29:30","slug":"liva-natives-olivenol-extra-6er-box","status":"publish","type":"product","link":"https:\/\/liva-liguria.com\/de\/produkt\/liva-natives-olivenol-extra-6er-box\/","title":{"rendered":"LIVA \u2014 Natives Oliven\u00f6l Extra \u2014 6er Box"},"content":{"rendered":"<p>Gleich sechs Flaschen des reinen, milden Oliven\u00f6ls versichern Liebhabern des \u00d6ls langanhaltende Freude in der K\u00fcche und im K\u00f6rper. Drei Liter des fl\u00fcssigen Goldes Liguriens \u00e0 500 ml stehen bereit f\u00fcr jeden Anlass, jedes Gericht und zum gemeinsamen Genie\u00dfen.<\/p>\n","protected":false},"excerpt":{"rendered":"<p>Gleich sechs Flaschen des reinen, milden Oliven\u00f6ls versichern Liebhabern des \u00d6ls langanhaltende Freude in der K\u00fcche und im K\u00f6rper. Drei Liter des fl\u00fcssigen Goldes Liguriens \u00e0 500 ml stehen bereit f\u00fcr jeden Anlass, jedes Gericht und zum gemeinsamen Genie\u00dfen.<\/p>\n<ul>\n<li>Ausschlie\u00dflich traditionelle Ernte und Verarbeitung<\/li>\n<li>Jede Flasche Liva Oliven\u00f6l wird von Hand abgef\u00fcllt und versandbereit gemacht. Durch die ausschlie\u00dfliche Handarbeit kann es vereinzelt zu Undichtheit nach dem ersten \u00d6ffnen kommen<\/li>\n<li>Aus Taggiasca Oliven gewonnenes \u00d6l gilt als besonders samtig und weich, weist auffallend wenige Bitterstoffe auf<\/li>\n<li>Von \u00c4rzten empfohlen auf Grund reichhaltiger Inhaltsstoffe wie Vitamine und Mineralien<\/li>\n<li>F\u00fcr eine gesunde Ern\u00e4hrung und gute Vertr\u00e4glichkeit<\/li>\n<\/ul>\n<p><small>Aufgrund von Covid-19 bedingten Lieferproblemen f\u00fcllen wir das Oliven\u00f6l vereinzelt in andere Flaschen ein, welche optisch von den dargestellten Produkten abweichen k\u00f6nnen.<\/small><\/p>\n","protected":false},"featured_media":6012,"template":"","meta":{"_acf_changed":false},"product_brand":[],"product_cat":[104],"product_tag":[],"class_list":{"0":"post-5179","1":"product","2":"type-product","3":"status-publish","4":"has-post-thumbnail","6":"product_cat-olivenoel","8":"first","9":"instock","10":"taxable","11":"shipping-taxable","12":"purchasable","13":"product-type-simple"},"acf":[],"yoast_head":"<!-- This site is optimized with the Yoast SEO plugin v24.8.1 - https:\/\/yoast.com\/wordpress\/plugins\/seo\/ -->\n<title>LIVA \u2014 Natives Oliven\u00f6l Extra \u2014 6er Box - aus dem Nordwesten Italiens<\/title>\n<meta name=\"description\" content=\"LIVA Oliven\u00f6l 6er Set - edel und sanft \u2713 einzigartig mild und s\u00fc\u00dflich im Geschmack \u2713 traditionelle Ernte und Verarbeitung \u2713 reichhaltige Inhaltsstoffe\" \/>\n<meta name=\"robots\" content=\"index, follow, max-snippet:-1, max-image-preview:large, max-video-preview:-1\" \/>\n<link rel=\"canonical\" href=\"https:\/\/liva-liguria.com\/de\/produkt\/liva-natives-olivenol-extra-6er-box\/\" \/>\n<meta property=\"og:locale\" content=\"de_DE\" \/>\n<meta property=\"og:type\" content=\"article\" \/>\n<meta property=\"og:title\" content=\"LIVA \u2014 Natives Oliven\u00f6l Extra \u2014 6er Box - aus dem Nordwesten Italiens\" \/>\n<meta property=\"og:description\" content=\"LIVA Oliven\u00f6l 6er Set - edel und sanft \u2713 einzigartig mild und s\u00fc\u00dflich im Geschmack \u2713 traditionelle Ernte und Verarbeitung \u2713 reichhaltige Inhaltsstoffe\" \/>\n<meta property=\"og:url\" content=\"https:\/\/liva-liguria.com\/de\/produkt\/liva-natives-olivenol-extra-6er-box\/\" \/>\n<meta property=\"og:site_name\" content=\"LIVA Extra virgin olive oil\" \/>\n<meta property=\"article:modified_time\" content=\"2021-03-15T15:29:30+00:00\" \/>\n<meta property=\"og:image\" content=\"https:\/\/liva-liguria.com\/wp-content\/uploads\/2020\/02\/Liva_Boxes-06-scaled.jpg\" \/>\n\t<meta property=\"og:image:width\" content=\"2560\" \/>\n\t<meta property=\"og:image:height\" content=\"1707\" \/>\n\t<meta property=\"og:image:type\" content=\"image\/jpeg\" \/>\n<meta name=\"twitter:card\" content=\"summary_large_image\" \/>\n<script type=\"application\/ld+json\" class=\"yoast-schema-graph\">{\"@context\":\"https:\/\/schema.org\",\"@graph\":[{\"@type\":\"WebPage\",\"@id\":\"https:\/\/liva-liguria.com\/de\/produkt\/liva-natives-olivenol-extra-6er-box\/\",\"url\":\"https:\/\/liva-liguria.com\/de\/produkt\/liva-natives-olivenol-extra-6er-box\/\",\"name\":\"LIVA \u2014 Natives Oliven\u00f6l Extra \u2014 6er Box - aus dem Nordwesten Italiens\",\"isPartOf\":{\"@id\":\"https:\/\/liva-liguria.com\/de\/#website\"},\"primaryImageOfPage\":{\"@id\":\"https:\/\/liva-liguria.com\/de\/produkt\/liva-natives-olivenol-extra-6er-box\/#primaryimage\"},\"image\":{\"@id\":\"https:\/\/liva-liguria.com\/de\/produkt\/liva-natives-olivenol-extra-6er-box\/#primaryimage\"},\"thumbnailUrl\":\"https:\/\/liva-liguria.com\/wp-content\/uploads\/2020\/02\/Liva_Boxes-06-scaled.jpg\",\"datePublished\":\"2020-02-27T10:55:44+00:00\",\"dateModified\":\"2021-03-15T15:29:30+00:00\",\"description\":\"LIVA Oliven\u00f6l 6er Set - edel und sanft \u2713 einzigartig mild und s\u00fc\u00dflich im Geschmack \u2713 traditionelle Ernte und Verarbeitung \u2713 reichhaltige Inhaltsstoffe\",\"breadcrumb\":{\"@id\":\"https:\/\/liva-liguria.com\/de\/produkt\/liva-natives-olivenol-extra-6er-box\/#breadcrumb\"},\"inLanguage\":\"de-DE\",\"potentialAction\":[{\"@type\":\"ReadAction\",\"target\":[\"https:\/\/liva-liguria.com\/de\/produkt\/liva-natives-olivenol-extra-6er-box\/\"]}]},{\"@type\":\"ImageObject\",\"inLanguage\":\"de-DE\",\"@id\":\"https:\/\/liva-liguria.com\/de\/produkt\/liva-natives-olivenol-extra-6er-box\/#primaryimage\",\"url\":\"https:\/\/liva-liguria.com\/wp-content\/uploads\/2020\/02\/Liva_Boxes-06-scaled.jpg\",\"contentUrl\":\"https:\/\/liva-liguria.com\/wp-content\/uploads\/2020\/02\/Liva_Boxes-06-scaled.jpg\",\"width\":2560,\"height\":1707},{\"@type\":\"BreadcrumbList\",\"@id\":\"https:\/\/liva-liguria.com\/de\/produkt\/liva-natives-olivenol-extra-6er-box\/#breadcrumb\",\"itemListElement\":[{\"@type\":\"ListItem\",\"position\":1,\"name\":\"Home\",\"item\":\"https:\/\/liva-liguria.com\/de\/\"},{\"@type\":\"ListItem\",\"position\":2,\"name\":\"Shop\",\"item\":\"https:\/\/liva-liguria.com\/de\/shop\/\"},{\"@type\":\"ListItem\",\"position\":3,\"name\":\"LIVA \u2014 Natives Oliven\u00f6l Extra \u2014 6er Box\"}]},{\"@type\":\"WebSite\",\"@id\":\"https:\/\/liva-liguria.com\/de\/#website\",\"url\":\"https:\/\/liva-liguria.com\/de\/\",\"name\":\"LIVA Extra virgin olive oil\",\"description\":\"\",\"publisher\":{\"@id\":\"https:\/\/liva-liguria.com\/de\/#organization\"},\"potentialAction\":[{\"@type\":\"SearchAction\",\"target\":{\"@type\":\"EntryPoint\",\"urlTemplate\":\"https:\/\/liva-liguria.com\/de\/?s={search_term_string}\"},\"query-input\":{\"@type\":\"PropertyValueSpecification\",\"valueRequired\":true,\"valueName\":\"search_term_string\"}}],\"inLanguage\":\"de-DE\"},{\"@type\":\"Organization\",\"@id\":\"https:\/\/liva-liguria.com\/de\/#organization\",\"name\":\"LIVA\",\"url\":\"https:\/\/liva-liguria.com\/de\/\",\"logo\":{\"@type\":\"ImageObject\",\"inLanguage\":\"de-DE\",\"@id\":\"https:\/\/liva-liguria.com\/de\/#\/schema\/logo\/image\/\",\"url\":\"https:\/\/liva-liguria.com\/wp-content\/uploads\/2020\/02\/liva-logo-subline-e1607454498284.png\",\"contentUrl\":\"https:\/\/liva-liguria.com\/wp-content\/uploads\/2020\/02\/liva-logo-subline-e1607454498284.png\",\"width\":170,\"height\":184,\"caption\":\"LIVA\"},\"image\":{\"@id\":\"https:\/\/liva-liguria.com\/de\/#\/schema\/logo\/image\/\"}}]}<\/script>\n<!-- \/ Yoast SEO plugin. -->","yoast_head_json":{"title":"LIVA \u2014 Natives Oliven\u00f6l Extra \u2014 6er Box - aus dem Nordwesten Italiens","description":"LIVA Oliven\u00f6l 6er Set - edel und sanft \u2713 einzigartig mild und s\u00fc\u00dflich im Geschmack \u2713 traditionelle Ernte und Verarbeitung \u2713 reichhaltige Inhaltsstoffe","robots":{"index":"index","follow":"follow","max-snippet":"max-snippet:-1","max-image-preview":"max-image-preview:large","max-video-preview":"max-video-preview:-1"},"canonical":"https:\/\/liva-liguria.com\/de\/produkt\/liva-natives-olivenol-extra-6er-box\/","og_locale":"de_DE","og_type":"article","og_title":"LIVA \u2014 Natives Oliven\u00f6l Extra \u2014 6er Box - aus dem Nordwesten Italiens","og_description":"LIVA Oliven\u00f6l 6er Set - edel und sanft \u2713 einzigartig mild und s\u00fc\u00dflich im Geschmack \u2713 traditionelle Ernte und Verarbeitung \u2713 reichhaltige Inhaltsstoffe","og_url":"https:\/\/liva-liguria.com\/de\/produkt\/liva-natives-olivenol-extra-6er-box\/","og_site_name":"LIVA Extra virgin olive oil","article_modified_time":"2021-03-15T15:29:30+00:00","og_image":[{"width":2560,"height":1707,"url":"https:\/\/liva-liguria.com\/wp-content\/uploads\/2020\/02\/Liva_Boxes-06-scaled.jpg","type":"image\/jpeg"}],"twitter_card":"summary_large_image","schema":{"@context":"https:\/\/schema.org","@graph":[{"@type":"WebPage","@id":"https:\/\/liva-liguria.com\/de\/produkt\/liva-natives-olivenol-extra-6er-box\/","url":"https:\/\/liva-liguria.com\/de\/produkt\/liva-natives-olivenol-extra-6er-box\/","name":"LIVA \u2014 Natives Oliven\u00f6l Extra \u2014 6er Box - aus dem Nordwesten Italiens","isPartOf":{"@id":"https:\/\/liva-liguria.com\/de\/#website"},"primaryImageOfPage":{"@id":"https:\/\/liva-liguria.com\/de\/produkt\/liva-natives-olivenol-extra-6er-box\/#primaryimage"},"image":{"@id":"https:\/\/liva-liguria.com\/de\/produkt\/liva-natives-olivenol-extra-6er-box\/#primaryimage"},"thumbnailUrl":"https:\/\/liva-liguria.com\/wp-content\/uploads\/2020\/02\/Liva_Boxes-06-scaled.jpg","datePublished":"2020-02-27T10:55:44+00:00","dateModified":"2021-03-15T15:29:30+00:00","description":"LIVA Oliven\u00f6l 6er Set - edel und sanft \u2713 einzigartig mild und s\u00fc\u00dflich im Geschmack \u2713 traditionelle Ernte und Verarbeitung \u2713 reichhaltige Inhaltsstoffe","breadcrumb":{"@id":"https:\/\/liva-liguria.com\/de\/produkt\/liva-natives-olivenol-extra-6er-box\/#breadcrumb"},"inLanguage":"de-DE","potentialAction":[{"@type":"ReadAction","target":["https:\/\/liva-liguria.com\/de\/produkt\/liva-natives-olivenol-extra-6er-box\/"]}]},{"@type":"ImageObject","inLanguage":"de-DE","@id":"https:\/\/liva-liguria.com\/de\/produkt\/liva-natives-olivenol-extra-6er-box\/#primaryimage","url":"https:\/\/liva-liguria.com\/wp-content\/uploads\/2020\/02\/Liva_Boxes-06-scaled.jpg","contentUrl":"https:\/\/liva-liguria.com\/wp-content\/uploads\/2020\/02\/Liva_Boxes-06-scaled.jpg","width":2560,"height":1707},{"@type":"BreadcrumbList","@id":"https:\/\/liva-liguria.com\/de\/produkt\/liva-natives-olivenol-extra-6er-box\/#breadcrumb","itemListElement":[{"@type":"ListItem","position":1,"name":"Home","item":"https:\/\/liva-liguria.com\/de\/"},{"@type":"ListItem","position":2,"name":"Shop","item":"https:\/\/liva-liguria.com\/de\/shop\/"},{"@type":"ListItem","position":3,"name":"LIVA \u2014 Natives Oliven\u00f6l Extra \u2014 6er Box"}]},{"@type":"WebSite","@id":"https:\/\/liva-liguria.com\/de\/#website","url":"https:\/\/liva-liguria.com\/de\/","name":"LIVA Extra virgin olive oil","description":"","publisher":{"@id":"https:\/\/liva-liguria.com\/de\/#organization"},"potentialAction":[{"@type":"SearchAction","target":{"@type":"EntryPoint","urlTemplate":"https:\/\/liva-liguria.com\/de\/?s={search_term_string}"},"query-input":{"@type":"PropertyValueSpecification","valueRequired":true,"valueName":"search_term_string"}}],"inLanguage":"de-DE"},{"@type":"Organization","@id":"https:\/\/liva-liguria.com\/de\/#organization","name":"LIVA","url":"https:\/\/liva-liguria.com\/de\/","logo":{"@type":"ImageObject","inLanguage":"de-DE","@id":"https:\/\/liva-liguria.com\/de\/#\/schema\/logo\/image\/","url":"https:\/\/liva-liguria.com\/wp-content\/uploads\/2020\/02\/liva-logo-subline-e1607454498284.png","contentUrl":"https:\/\/liva-liguria.com\/wp-content\/uploads\/2020\/02\/liva-logo-subline-e1607454498284.png","width":170,"height":184,"caption":"LIVA"},"image":{"@id":"https:\/\/liva-liguria.com\/de\/#\/schema\/logo\/image\/"}}]}},"_links":{"self":[{"href":"https:\/\/liva-liguria.com\/de\/wp-json\/wp\/v2\/product\/5179","targetHints":{"allow":["GET"]}}],"collection":[{"href":"https:\/\/liva-liguria.com\/de\/wp-json\/wp\/v2\/product"}],"about":[{"href":"https:\/\/liva-liguria.com\/de\/wp-json\/wp\/v2\/types\/product"}],"wp:featuredmedia":[{"embeddable":true,"href":"https:\/\/liva-liguria.com\/de\/wp-json\/wp\/v2\/media\/6012"}],"wp:attachment":[{"href":"https:\/\/liva-liguria.com\/de\/wp-json\/wp\/v2\/media?parent=5179"}],"wp:term":[{"taxonomy":"product_brand","embeddable":true,"href":"https:\/\/liva-liguria.com\/de\/wp-json\/wp\/v2\/product_brand?post=5179"},{"taxonomy":"product_cat","embeddable":true,"href":"https:\/\/liva-liguria.com\/de\/wp-json\/wp\/v2\/product_cat?post=5179"},{"taxonomy":"product_tag","embeddable":true,"href":"https:\/\/liva-liguria.com\/de\/wp-json\/wp\/v2\/product_tag?post=5179"}],"curies":[{"name":"wp","href":"https:\/\/api.w.org\/{rel}","templated":true}]}}