{"id":5172,"date":"2020-02-10T16:08:11","date_gmt":"2020-02-10T16:08:11","guid":{"rendered":"https:\/\/liva-liguria.com\/product\/liva-extra-virgin-olive-oil-box-of-2\/"},"modified":"2021-03-15T15:29:31","modified_gmt":"2021-03-15T15:29:31","slug":"liva-natives-olivenol-extra-2er-box","status":"publish","type":"product","link":"https:\/\/liva-liguria.com\/de\/produkt\/liva-natives-olivenol-extra-2er-box\/","title":{"rendered":"LIVA \u2014 Natives Oliven\u00f6l Extra \u2014 2er Box"},"content":{"rendered":"<p>Der Doppelpack von zwei Flaschen je 500 ml bringt den Geschmack Italiens und der seltenen Taggiasca Oliven direkt nach Hause. Hier hei\u00dft es doppelt genie\u00dfen oder die Freude teilen, denn die traditionelle und schnelle Verarbeitung sorgt f\u00fcr ein besonderes Geschmacksempfinden und erfreut den K\u00f6rper durch die \u00e4u\u00dferst gesunden Eigenschaften des \u00d6ls.<\/p>\n","protected":false},"excerpt":{"rendered":"<p>Der Doppelpack von zwei Flaschen je 500 ml bringt den Geschmack Italiens und der seltenen Taggiasca Oliven direkt nach Hause. Hier hei\u00dft es doppelt genie\u00dfen oder die Freude teilen, denn die traditionelle und schnelle Verarbeitung sorgt f\u00fcr ein besonderes Geschmacksempfinden und erfreut den K\u00f6rper durch die \u00e4u\u00dferst gesunden Eigenschaften des \u00d6ls.<\/p>\n<ul>\n<li>Ausschlie\u00dflich traditionelle Ernte und Verarbeitung<\/li>\n<li>Jede Flasche Liva Oliven\u00f6l wird von Hand abgef\u00fcllt und versandbereit gemacht. Durch die ausschlie\u00dfliche Handarbeit kann es vereinzelt zu Undichtheit nach dem ersten \u00d6ffnen kommen<\/li>\n<li>Aus Taggiasca Oliven gewonnenes \u00d6l gilt als besonders samtig und weich, auffallend\u00a0wenige Bitterstofffe<\/li>\n<li>Von \u00c4rzten empfohlen auf Grund reichhaltiger Inhaltsstoffe, wie Vitamine und\u00a0Mineralien<\/li>\n<li>F\u00fcr eine gesunde Ern\u00e4hrung und gute Vertr\u00e4glichkeit<\/li>\n<\/ul>\n<p><small>Aufgrund von Covid-19 bedingten Lieferproblemen f\u00fcllen wir das Oliven\u00f6l vereinzelt in andere Flaschen ein, welche optisch von den dargestellten Produkten abweichen k\u00f6nnen.<\/small><\/p>\n","protected":false},"featured_media":6008,"template":"","meta":{"_acf_changed":false},"product_brand":[],"product_cat":[104],"product_tag":[],"class_list":{"0":"post-5172","1":"product","2":"type-product","3":"status-publish","4":"has-post-thumbnail","6":"product_cat-olivenoel","8":"first","9":"instock","10":"taxable","11":"shipping-taxable","12":"purchasable","13":"product-type-simple"},"acf":[],"yoast_head":"<!-- This site is optimized with the Yoast SEO plugin v24.8.1 - https:\/\/yoast.com\/wordpress\/plugins\/seo\/ -->\n<title>LIVA \u2014 Natives Oliven\u00f6l Extra \u2014 2er Box - aus dem Nordwesten Italiens<\/title>\n<meta name=\"description\" content=\"LIVA Oliven\u00f6l 2er Set - edel und sanft \u2713 einzigartig mild und s\u00fc\u00dflich im Geschmack \u2713 traditionelle Ernte und Verarbeitung \u2713 reichhaltige Inhaltsstoffe\" \/>\n<meta name=\"robots\" content=\"index, follow, max-snippet:-1, max-image-preview:large, max-video-preview:-1\" \/>\n<link rel=\"canonical\" href=\"https:\/\/liva-liguria.com\/de\/produkt\/liva-natives-olivenol-extra-2er-box\/\" \/>\n<meta property=\"og:locale\" content=\"de_DE\" \/>\n<meta property=\"og:type\" content=\"article\" \/>\n<meta property=\"og:title\" content=\"LIVA \u2014 Natives Oliven\u00f6l Extra \u2014 2er Box - aus dem Nordwesten Italiens\" \/>\n<meta property=\"og:description\" content=\"LIVA Oliven\u00f6l 2er Set - edel und sanft \u2713 einzigartig mild und s\u00fc\u00dflich im Geschmack \u2713 traditionelle Ernte und Verarbeitung \u2713 reichhaltige Inhaltsstoffe\" \/>\n<meta property=\"og:url\" content=\"https:\/\/liva-liguria.com\/de\/produkt\/liva-natives-olivenol-extra-2er-box\/\" \/>\n<meta property=\"og:site_name\" content=\"LIVA Extra virgin olive oil\" \/>\n<meta property=\"article:modified_time\" content=\"2021-03-15T15:29:31+00:00\" \/>\n<meta property=\"og:image\" content=\"https:\/\/liva-liguria.com\/wp-content\/uploads\/2020\/02\/Liva_Boxes-12-scaled.jpg\" \/>\n\t<meta property=\"og:image:width\" content=\"2560\" \/>\n\t<meta property=\"og:image:height\" content=\"1707\" \/>\n\t<meta property=\"og:image:type\" content=\"image\/jpeg\" \/>\n<meta name=\"twitter:card\" content=\"summary_large_image\" \/>\n<script type=\"application\/ld+json\" class=\"yoast-schema-graph\">{\"@context\":\"https:\/\/schema.org\",\"@graph\":[{\"@type\":\"WebPage\",\"@id\":\"https:\/\/liva-liguria.com\/de\/produkt\/liva-natives-olivenol-extra-2er-box\/\",\"url\":\"https:\/\/liva-liguria.com\/de\/produkt\/liva-natives-olivenol-extra-2er-box\/\",\"name\":\"LIVA \u2014 Natives Oliven\u00f6l Extra \u2014 2er Box - aus dem Nordwesten Italiens\",\"isPartOf\":{\"@id\":\"https:\/\/liva-liguria.com\/de\/#website\"},\"primaryImageOfPage\":{\"@id\":\"https:\/\/liva-liguria.com\/de\/produkt\/liva-natives-olivenol-extra-2er-box\/#primaryimage\"},\"image\":{\"@id\":\"https:\/\/liva-liguria.com\/de\/produkt\/liva-natives-olivenol-extra-2er-box\/#primaryimage\"},\"thumbnailUrl\":\"https:\/\/liva-liguria.com\/wp-content\/uploads\/2020\/02\/Liva_Boxes-12-scaled.jpg\",\"datePublished\":\"2020-02-10T16:08:11+00:00\",\"dateModified\":\"2021-03-15T15:29:31+00:00\",\"description\":\"LIVA Oliven\u00f6l 2er Set - edel und sanft \u2713 einzigartig mild und s\u00fc\u00dflich im Geschmack \u2713 traditionelle Ernte und Verarbeitung \u2713 reichhaltige Inhaltsstoffe\",\"breadcrumb\":{\"@id\":\"https:\/\/liva-liguria.com\/de\/produkt\/liva-natives-olivenol-extra-2er-box\/#breadcrumb\"},\"inLanguage\":\"de-DE\",\"potentialAction\":[{\"@type\":\"ReadAction\",\"target\":[\"https:\/\/liva-liguria.com\/de\/produkt\/liva-natives-olivenol-extra-2er-box\/\"]}]},{\"@type\":\"ImageObject\",\"inLanguage\":\"de-DE\",\"@id\":\"https:\/\/liva-liguria.com\/de\/produkt\/liva-natives-olivenol-extra-2er-box\/#primaryimage\",\"url\":\"https:\/\/liva-liguria.com\/wp-content\/uploads\/2020\/02\/Liva_Boxes-12-scaled.jpg\",\"contentUrl\":\"https:\/\/liva-liguria.com\/wp-content\/uploads\/2020\/02\/Liva_Boxes-12-scaled.jpg\",\"width\":2560,\"height\":1707},{\"@type\":\"BreadcrumbList\",\"@id\":\"https:\/\/liva-liguria.com\/de\/produkt\/liva-natives-olivenol-extra-2er-box\/#breadcrumb\",\"itemListElement\":[{\"@type\":\"ListItem\",\"position\":1,\"name\":\"Home\",\"item\":\"https:\/\/liva-liguria.com\/de\/\"},{\"@type\":\"ListItem\",\"position\":2,\"name\":\"Shop\",\"item\":\"https:\/\/liva-liguria.com\/de\/shop\/\"},{\"@type\":\"ListItem\",\"position\":3,\"name\":\"LIVA \u2014 Natives Oliven\u00f6l Extra \u2014 2er Box\"}]},{\"@type\":\"WebSite\",\"@id\":\"https:\/\/liva-liguria.com\/de\/#website\",\"url\":\"https:\/\/liva-liguria.com\/de\/\",\"name\":\"LIVA Extra virgin olive oil\",\"description\":\"\",\"publisher\":{\"@id\":\"https:\/\/liva-liguria.com\/de\/#organization\"},\"potentialAction\":[{\"@type\":\"SearchAction\",\"target\":{\"@type\":\"EntryPoint\",\"urlTemplate\":\"https:\/\/liva-liguria.com\/de\/?s={search_term_string}\"},\"query-input\":{\"@type\":\"PropertyValueSpecification\",\"valueRequired\":true,\"valueName\":\"search_term_string\"}}],\"inLanguage\":\"de-DE\"},{\"@type\":\"Organization\",\"@id\":\"https:\/\/liva-liguria.com\/de\/#organization\",\"name\":\"LIVA\",\"url\":\"https:\/\/liva-liguria.com\/de\/\",\"logo\":{\"@type\":\"ImageObject\",\"inLanguage\":\"de-DE\",\"@id\":\"https:\/\/liva-liguria.com\/de\/#\/schema\/logo\/image\/\",\"url\":\"https:\/\/liva-liguria.com\/wp-content\/uploads\/2020\/02\/liva-logo-subline-e1607454498284.png\",\"contentUrl\":\"https:\/\/liva-liguria.com\/wp-content\/uploads\/2020\/02\/liva-logo-subline-e1607454498284.png\",\"width\":170,\"height\":184,\"caption\":\"LIVA\"},\"image\":{\"@id\":\"https:\/\/liva-liguria.com\/de\/#\/schema\/logo\/image\/\"}}]}<\/script>\n<!-- \/ Yoast SEO plugin. -->","yoast_head_json":{"title":"LIVA \u2014 Natives Oliven\u00f6l Extra \u2014 2er Box - aus dem Nordwesten Italiens","description":"LIVA Oliven\u00f6l 2er Set - edel und sanft \u2713 einzigartig mild und s\u00fc\u00dflich im Geschmack \u2713 traditionelle Ernte und Verarbeitung \u2713 reichhaltige Inhaltsstoffe","robots":{"index":"index","follow":"follow","max-snippet":"max-snippet:-1","max-image-preview":"max-image-preview:large","max-video-preview":"max-video-preview:-1"},"canonical":"https:\/\/liva-liguria.com\/de\/produkt\/liva-natives-olivenol-extra-2er-box\/","og_locale":"de_DE","og_type":"article","og_title":"LIVA \u2014 Natives Oliven\u00f6l Extra \u2014 2er Box - aus dem Nordwesten Italiens","og_description":"LIVA Oliven\u00f6l 2er Set - edel und sanft \u2713 einzigartig mild und s\u00fc\u00dflich im Geschmack \u2713 traditionelle Ernte und Verarbeitung \u2713 reichhaltige Inhaltsstoffe","og_url":"https:\/\/liva-liguria.com\/de\/produkt\/liva-natives-olivenol-extra-2er-box\/","og_site_name":"LIVA Extra virgin olive oil","article_modified_time":"2021-03-15T15:29:31+00:00","og_image":[{"width":2560,"height":1707,"url":"https:\/\/liva-liguria.com\/wp-content\/uploads\/2020\/02\/Liva_Boxes-12-scaled.jpg","type":"image\/jpeg"}],"twitter_card":"summary_large_image","schema":{"@context":"https:\/\/schema.org","@graph":[{"@type":"WebPage","@id":"https:\/\/liva-liguria.com\/de\/produkt\/liva-natives-olivenol-extra-2er-box\/","url":"https:\/\/liva-liguria.com\/de\/produkt\/liva-natives-olivenol-extra-2er-box\/","name":"LIVA \u2014 Natives Oliven\u00f6l Extra \u2014 2er Box - aus dem Nordwesten Italiens","isPartOf":{"@id":"https:\/\/liva-liguria.com\/de\/#website"},"primaryImageOfPage":{"@id":"https:\/\/liva-liguria.com\/de\/produkt\/liva-natives-olivenol-extra-2er-box\/#primaryimage"},"image":{"@id":"https:\/\/liva-liguria.com\/de\/produkt\/liva-natives-olivenol-extra-2er-box\/#primaryimage"},"thumbnailUrl":"https:\/\/liva-liguria.com\/wp-content\/uploads\/2020\/02\/Liva_Boxes-12-scaled.jpg","datePublished":"2020-02-10T16:08:11+00:00","dateModified":"2021-03-15T15:29:31+00:00","description":"LIVA Oliven\u00f6l 2er Set - edel und sanft \u2713 einzigartig mild und s\u00fc\u00dflich im Geschmack \u2713 traditionelle Ernte und Verarbeitung \u2713 reichhaltige Inhaltsstoffe","breadcrumb":{"@id":"https:\/\/liva-liguria.com\/de\/produkt\/liva-natives-olivenol-extra-2er-box\/#breadcrumb"},"inLanguage":"de-DE","potentialAction":[{"@type":"ReadAction","target":["https:\/\/liva-liguria.com\/de\/produkt\/liva-natives-olivenol-extra-2er-box\/"]}]},{"@type":"ImageObject","inLanguage":"de-DE","@id":"https:\/\/liva-liguria.com\/de\/produkt\/liva-natives-olivenol-extra-2er-box\/#primaryimage","url":"https:\/\/liva-liguria.com\/wp-content\/uploads\/2020\/02\/Liva_Boxes-12-scaled.jpg","contentUrl":"https:\/\/liva-liguria.com\/wp-content\/uploads\/2020\/02\/Liva_Boxes-12-scaled.jpg","width":2560,"height":1707},{"@type":"BreadcrumbList","@id":"https:\/\/liva-liguria.com\/de\/produkt\/liva-natives-olivenol-extra-2er-box\/#breadcrumb","itemListElement":[{"@type":"ListItem","position":1,"name":"Home","item":"https:\/\/liva-liguria.com\/de\/"},{"@type":"ListItem","position":2,"name":"Shop","item":"https:\/\/liva-liguria.com\/de\/shop\/"},{"@type":"ListItem","position":3,"name":"LIVA \u2014 Natives Oliven\u00f6l Extra \u2014 2er Box"}]},{"@type":"WebSite","@id":"https:\/\/liva-liguria.com\/de\/#website","url":"https:\/\/liva-liguria.com\/de\/","name":"LIVA Extra virgin olive oil","description":"","publisher":{"@id":"https:\/\/liva-liguria.com\/de\/#organization"},"potentialAction":[{"@type":"SearchAction","target":{"@type":"EntryPoint","urlTemplate":"https:\/\/liva-liguria.com\/de\/?s={search_term_string}"},"query-input":{"@type":"PropertyValueSpecification","valueRequired":true,"valueName":"search_term_string"}}],"inLanguage":"de-DE"},{"@type":"Organization","@id":"https:\/\/liva-liguria.com\/de\/#organization","name":"LIVA","url":"https:\/\/liva-liguria.com\/de\/","logo":{"@type":"ImageObject","inLanguage":"de-DE","@id":"https:\/\/liva-liguria.com\/de\/#\/schema\/logo\/image\/","url":"https:\/\/liva-liguria.com\/wp-content\/uploads\/2020\/02\/liva-logo-subline-e1607454498284.png","contentUrl":"https:\/\/liva-liguria.com\/wp-content\/uploads\/2020\/02\/liva-logo-subline-e1607454498284.png","width":170,"height":184,"caption":"LIVA"},"image":{"@id":"https:\/\/liva-liguria.com\/de\/#\/schema\/logo\/image\/"}}]}},"_links":{"self":[{"href":"https:\/\/liva-liguria.com\/de\/wp-json\/wp\/v2\/product\/5172","targetHints":{"allow":["GET"]}}],"collection":[{"href":"https:\/\/liva-liguria.com\/de\/wp-json\/wp\/v2\/product"}],"about":[{"href":"https:\/\/liva-liguria.com\/de\/wp-json\/wp\/v2\/types\/product"}],"wp:featuredmedia":[{"embeddable":true,"href":"https:\/\/liva-liguria.com\/de\/wp-json\/wp\/v2\/media\/6008"}],"wp:attachment":[{"href":"https:\/\/liva-liguria.com\/de\/wp-json\/wp\/v2\/media?parent=5172"}],"wp:term":[{"taxonomy":"product_brand","embeddable":true,"href":"https:\/\/liva-liguria.com\/de\/wp-json\/wp\/v2\/product_brand?post=5172"},{"taxonomy":"product_cat","embeddable":true,"href":"https:\/\/liva-liguria.com\/de\/wp-json\/wp\/v2\/product_cat?post=5172"},{"taxonomy":"product_tag","embeddable":true,"href":"https:\/\/liva-liguria.com\/de\/wp-json\/wp\/v2\/product_tag?post=5172"}],"curies":[{"name":"wp","href":"https:\/\/api.w.org\/{rel}","templated":true}]}}