{"id":5147,"date":"2020-01-02T10:05:22","date_gmt":"2020-01-02T10:05:22","guid":{"rendered":"https:\/\/liva-liguria.com\/shipping__delivery\/"},"modified":"2023-01-16T09:27:26","modified_gmt":"2023-01-16T09:27:26","slug":"versand-lieferung","status":"publish","type":"page","link":"https:\/\/liva-liguria.com\/de\/versand-lieferung\/","title":{"rendered":"Versand &#038; Lieferung"},"content":{"rendered":"<p><strong>Preise, Versandkosten und Lieferinformationen<\/strong><\/p>\n<p>Die auf den Produktseiten genannten Preise enthalten die gesetzliche Mehrwertsteuer und sonstige Preisbestandteile.<\/p>\n<p><strong>\u00d6sterreich<\/strong><br \/>\nDie Versandkostenpauschale betr\u00e4gt 6,20\u20ac. <\/p>\n<p>Alternativ kann die Bestellung auch vor Ort in unserem Gesch\u00e4ft abgeholt werden: Mozartplatz 5, 5340 St. Gilgen, \u00d6sterreich<\/p>\n<p><strong>EU<\/strong><\/p>\n<p>Die Versandkostenpauschale betr\u00e4gt 9,90\u20ac.<\/p>\n<p>Die Versandkostenpauschalen enhalten die gesetzliche Mehrwertsteuer. Da die Mehrwertsteuer auf die Versandkostenpauschale abh\u00e4ngig von den erworbenen Waren berechnet wird, kann sie sich mindern, wenn Waren zu niedrigeren Umsatzsteuers\u00e4tzen erworben werden (z.B. bei Erwerb von B\u00fcchern). Das bedeutet, dass die Versandkostenpauschale erst im Rahmen des Bestellprozesses endg\u00fcltig berechnet werden kann. Sie kann dabei jedoch nicht h\u00f6her, sondern nur zu Ihren Gunsten niedriger werden.<\/p>\n","protected":false},"excerpt":{"rendered":"<p>Preise, Versandkosten und Lieferinformationen Die auf den Produktseiten genannten Preise enthalten die gesetzliche Mehrwertsteuer und sonstige Preisbestandteile. \u00d6sterreich Die Versandkostenpauschale betr\u00e4gt 6,20\u20ac. Alternativ kann die Bestellung auch vor Ort in unserem Gesch\u00e4ft abgeholt werden: Mozartplatz 5, 5340 St. Gilgen, \u00d6sterreich EU Die Versandkostenpauschale betr\u00e4gt 9,90\u20ac. Die Versandkostenpauschalen enhalten die gesetzliche Mehrwertsteuer. Da die Mehrwertsteuer auf [&hellip;]<\/p>\n","protected":false},"author":10,"featured_media":0,"parent":0,"menu_order":0,"comment_status":"closed","ping_status":"closed","template":"","meta":{"_acf_changed":false,"footnotes":""},"class_list":["post-5147","page","type-page","status-publish","hentry"],"acf":[],"yoast_head":"<!-- This site is optimized with the Yoast SEO plugin v24.8.1 - https:\/\/yoast.com\/wordpress\/plugins\/seo\/ -->\n<title>Versand &amp; Lieferung - LIVA Extra virgin olive oil<\/title>\n<meta name=\"description\" content=\"LIVA Liguria - a noble and remarkably gentle olive oil \u2713 originates in northwestern Italy \u2713 traditional harvest \u2713 rare fruits \u2713 natural and mild aroma\" \/>\n<meta name=\"robots\" content=\"index, follow, max-snippet:-1, max-image-preview:large, max-video-preview:-1\" \/>\n<link rel=\"canonical\" href=\"https:\/\/liva-liguria.com\/de\/versand-lieferung\/\" \/>\n<meta property=\"og:locale\" content=\"de_DE\" \/>\n<meta property=\"og:type\" content=\"article\" \/>\n<meta property=\"og:title\" content=\"Versand &amp; Lieferung - LIVA Extra virgin olive oil\" \/>\n<meta property=\"og:description\" content=\"LIVA Liguria - a noble and remarkably gentle olive oil \u2713 originates in northwestern Italy \u2713 traditional harvest \u2713 rare fruits \u2713 natural and mild aroma\" \/>\n<meta property=\"og:url\" content=\"https:\/\/liva-liguria.com\/de\/versand-lieferung\/\" \/>\n<meta property=\"og:site_name\" content=\"LIVA Extra virgin olive oil\" \/>\n<meta property=\"article:modified_time\" content=\"2023-01-16T09:27:26+00:00\" \/>\n<meta name=\"twitter:card\" content=\"summary_large_image\" \/>\n<meta name=\"twitter:label1\" content=\"Est. reading time\" \/>\n\t<meta name=\"twitter:data1\" content=\"1 minute\" \/>\n<script type=\"application\/ld+json\" class=\"yoast-schema-graph\">{\"@context\":\"https:\/\/schema.org\",\"@graph\":[{\"@type\":\"WebPage\",\"@id\":\"https:\/\/liva-liguria.com\/de\/versand-lieferung\/\",\"url\":\"https:\/\/liva-liguria.com\/de\/versand-lieferung\/\",\"name\":\"Versand & Lieferung - LIVA Extra virgin olive oil\",\"isPartOf\":{\"@id\":\"https:\/\/liva-liguria.com\/de\/#website\"},\"datePublished\":\"2020-01-02T10:05:22+00:00\",\"dateModified\":\"2023-01-16T09:27:26+00:00\",\"description\":\"LIVA Liguria - a noble and remarkably gentle olive oil \u2713 originates in northwestern Italy \u2713 traditional harvest \u2713 rare fruits \u2713 natural and mild aroma\",\"breadcrumb\":{\"@id\":\"https:\/\/liva-liguria.com\/de\/versand-lieferung\/#breadcrumb\"},\"inLanguage\":\"de-DE\",\"potentialAction\":[{\"@type\":\"ReadAction\",\"target\":[\"https:\/\/liva-liguria.com\/de\/versand-lieferung\/\"]}]},{\"@type\":\"BreadcrumbList\",\"@id\":\"https:\/\/liva-liguria.com\/de\/versand-lieferung\/#breadcrumb\",\"itemListElement\":[{\"@type\":\"ListItem\",\"position\":1,\"name\":\"Home\",\"item\":\"https:\/\/liva-liguria.com\/de\/\"},{\"@type\":\"ListItem\",\"position\":2,\"name\":\"Versand &#038; Lieferung\"}]},{\"@type\":\"WebSite\",\"@id\":\"https:\/\/liva-liguria.com\/de\/#website\",\"url\":\"https:\/\/liva-liguria.com\/de\/\",\"name\":\"LIVA Extra virgin olive oil\",\"description\":\"\",\"publisher\":{\"@id\":\"https:\/\/liva-liguria.com\/de\/#organization\"},\"potentialAction\":[{\"@type\":\"SearchAction\",\"target\":{\"@type\":\"EntryPoint\",\"urlTemplate\":\"https:\/\/liva-liguria.com\/de\/?s={search_term_string}\"},\"query-input\":{\"@type\":\"PropertyValueSpecification\",\"valueRequired\":true,\"valueName\":\"search_term_string\"}}],\"inLanguage\":\"de-DE\"},{\"@type\":\"Organization\",\"@id\":\"https:\/\/liva-liguria.com\/de\/#organization\",\"name\":\"LIVA\",\"url\":\"https:\/\/liva-liguria.com\/de\/\",\"logo\":{\"@type\":\"ImageObject\",\"inLanguage\":\"de-DE\",\"@id\":\"https:\/\/liva-liguria.com\/de\/#\/schema\/logo\/image\/\",\"url\":\"https:\/\/liva-liguria.com\/wp-content\/uploads\/2020\/02\/liva-logo-subline-e1607454498284.png\",\"contentUrl\":\"https:\/\/liva-liguria.com\/wp-content\/uploads\/2020\/02\/liva-logo-subline-e1607454498284.png\",\"width\":170,\"height\":184,\"caption\":\"LIVA\"},\"image\":{\"@id\":\"https:\/\/liva-liguria.com\/de\/#\/schema\/logo\/image\/\"}}]}<\/script>\n<!-- \/ Yoast SEO plugin. -->","yoast_head_json":{"title":"Versand & Lieferung - LIVA Extra virgin olive oil","description":"LIVA Liguria - a noble and remarkably gentle olive oil \u2713 originates in northwestern Italy \u2713 traditional harvest \u2713 rare fruits \u2713 natural and mild aroma","robots":{"index":"index","follow":"follow","max-snippet":"max-snippet:-1","max-image-preview":"max-image-preview:large","max-video-preview":"max-video-preview:-1"},"canonical":"https:\/\/liva-liguria.com\/de\/versand-lieferung\/","og_locale":"de_DE","og_type":"article","og_title":"Versand & Lieferung - LIVA Extra virgin olive oil","og_description":"LIVA Liguria - a noble and remarkably gentle olive oil \u2713 originates in northwestern Italy \u2713 traditional harvest \u2713 rare fruits \u2713 natural and mild aroma","og_url":"https:\/\/liva-liguria.com\/de\/versand-lieferung\/","og_site_name":"LIVA Extra virgin olive oil","article_modified_time":"2023-01-16T09:27:26+00:00","twitter_card":"summary_large_image","twitter_misc":{"Est. reading time":"1 minute"},"schema":{"@context":"https:\/\/schema.org","@graph":[{"@type":"WebPage","@id":"https:\/\/liva-liguria.com\/de\/versand-lieferung\/","url":"https:\/\/liva-liguria.com\/de\/versand-lieferung\/","name":"Versand & Lieferung - LIVA Extra virgin olive oil","isPartOf":{"@id":"https:\/\/liva-liguria.com\/de\/#website"},"datePublished":"2020-01-02T10:05:22+00:00","dateModified":"2023-01-16T09:27:26+00:00","description":"LIVA Liguria - a noble and remarkably gentle olive oil \u2713 originates in northwestern Italy \u2713 traditional harvest \u2713 rare fruits \u2713 natural and mild aroma","breadcrumb":{"@id":"https:\/\/liva-liguria.com\/de\/versand-lieferung\/#breadcrumb"},"inLanguage":"de-DE","potentialAction":[{"@type":"ReadAction","target":["https:\/\/liva-liguria.com\/de\/versand-lieferung\/"]}]},{"@type":"BreadcrumbList","@id":"https:\/\/liva-liguria.com\/de\/versand-lieferung\/#breadcrumb","itemListElement":[{"@type":"ListItem","position":1,"name":"Home","item":"https:\/\/liva-liguria.com\/de\/"},{"@type":"ListItem","position":2,"name":"Versand &#038; Lieferung"}]},{"@type":"WebSite","@id":"https:\/\/liva-liguria.com\/de\/#website","url":"https:\/\/liva-liguria.com\/de\/","name":"LIVA Extra virgin olive oil","description":"","publisher":{"@id":"https:\/\/liva-liguria.com\/de\/#organization"},"potentialAction":[{"@type":"SearchAction","target":{"@type":"EntryPoint","urlTemplate":"https:\/\/liva-liguria.com\/de\/?s={search_term_string}"},"query-input":{"@type":"PropertyValueSpecification","valueRequired":true,"valueName":"search_term_string"}}],"inLanguage":"de-DE"},{"@type":"Organization","@id":"https:\/\/liva-liguria.com\/de\/#organization","name":"LIVA","url":"https:\/\/liva-liguria.com\/de\/","logo":{"@type":"ImageObject","inLanguage":"de-DE","@id":"https:\/\/liva-liguria.com\/de\/#\/schema\/logo\/image\/","url":"https:\/\/liva-liguria.com\/wp-content\/uploads\/2020\/02\/liva-logo-subline-e1607454498284.png","contentUrl":"https:\/\/liva-liguria.com\/wp-content\/uploads\/2020\/02\/liva-logo-subline-e1607454498284.png","width":170,"height":184,"caption":"LIVA"},"image":{"@id":"https:\/\/liva-liguria.com\/de\/#\/schema\/logo\/image\/"}}]}},"_links":{"self":[{"href":"https:\/\/liva-liguria.com\/de\/wp-json\/wp\/v2\/pages\/5147","targetHints":{"allow":["GET"]}}],"collection":[{"href":"https:\/\/liva-liguria.com\/de\/wp-json\/wp\/v2\/pages"}],"about":[{"href":"https:\/\/liva-liguria.com\/de\/wp-json\/wp\/v2\/types\/page"}],"author":[{"embeddable":true,"href":"https:\/\/liva-liguria.com\/de\/wp-json\/wp\/v2\/users\/10"}],"replies":[{"embeddable":true,"href":"https:\/\/liva-liguria.com\/de\/wp-json\/wp\/v2\/comments?post=5147"}],"version-history":[{"count":5,"href":"https:\/\/liva-liguria.com\/de\/wp-json\/wp\/v2\/pages\/5147\/revisions"}],"predecessor-version":[{"id":6255,"href":"https:\/\/liva-liguria.com\/de\/wp-json\/wp\/v2\/pages\/5147\/revisions\/6255"}],"wp:attachment":[{"href":"https:\/\/liva-liguria.com\/de\/wp-json\/wp\/v2\/media?parent=5147"}],"curies":[{"name":"wp","href":"https:\/\/api.w.org\/{rel}","templated":true}]}}