{"id":5146,"date":"2020-01-02T10:05:22","date_gmt":"2020-01-02T10:05:22","guid":{"rendered":"https:\/\/liva-liguria.com\/payment_methods\/"},"modified":"2022-01-10T10:27:31","modified_gmt":"2022-01-10T10:27:31","slug":"zahlungsmethoden","status":"publish","type":"page","link":"https:\/\/liva-liguria.com\/de\/zahlungsmethoden\/","title":{"rendered":"Zahlungsmethoden"},"content":{"rendered":"<p>Wir bieten Ihnen folgende Zahlungsarten an. Suchen Sie sich einfach die f\u00fcr Sie optimale Zahlart aus. Die in den jeweiligen Angeboten angef\u00fchrten Preise stellen Endpreise dar. Sie beinhalten alle Preisbestandteile einschlie\u00dflich etwaig anfallender Steuern wie Mehrwertsteuer. Nur bei grenz\u00fcberschreitender Lieferung k\u00f6nnen im Einzelfall weitere Steuern (z.B. im Falle eines innergemeinschaftlichen Erwerbs) und\/oder Abgaben (z.B. Z\u00f6lle) von Ihnen zu zahlen sein, jedoch nicht an den Verk\u00e4ufer, sondern an die dort zust\u00e4ndigen Zoll- bzw. Steuerbeh\u00f6rden. Die anfallenden Liefer- und Versandkosten sind nicht im Kaufpreis enthalten, sie sind \u00fcber die Seite \u201eVersandkosten\u201c aufrufbar, werden im Laufe des Bestellvorganges gesondert ausgewiesen und sind von Ihnen zus\u00e4tzlich zu tragen.<\/p>\n<p><em>Kreditkarte<\/em><\/p>\n<p>Zahlen Sie ganz einfach per Kreditkarte.<\/p>\n<p><em>PayPal<\/em><\/p>\n<p>Noch schneller und sicherer bezahlen mit ihrem PayPal-Konto.<\/p>\n<p><em>Vorkasse<\/em><\/p>\n<p>Bitte \u00fcberweisen Sie den Gesamtbetrag Ihrer Bestellung auf unser Konto:<\/p>\n<p>Kontoinhaber: BDRE Austria GmbH<br \/>\nIBAN: AT672040400042823963<br \/>\nBIC: SBGSAT2SXXX<\/p>\n","protected":false},"excerpt":{"rendered":"<p>Wir bieten Ihnen folgende Zahlungsarten an. Suchen Sie sich einfach die f\u00fcr Sie optimale Zahlart aus. Die in den jeweiligen Angeboten angef\u00fchrten Preise stellen Endpreise dar. Sie beinhalten alle Preisbestandteile einschlie\u00dflich etwaig anfallender Steuern wie Mehrwertsteuer. Nur bei grenz\u00fcberschreitender Lieferung k\u00f6nnen im Einzelfall weitere Steuern (z.B. im Falle eines innergemeinschaftlichen Erwerbs) und\/oder Abgaben (z.B. Z\u00f6lle) [&hellip;]<\/p>\n","protected":false},"author":10,"featured_media":0,"parent":0,"menu_order":0,"comment_status":"closed","ping_status":"closed","template":"","meta":{"_acf_changed":false,"footnotes":""},"class_list":["post-5146","page","type-page","status-publish","hentry"],"acf":[],"yoast_head":"<!-- This site is optimized with the Yoast SEO plugin v24.8.1 - https:\/\/yoast.com\/wordpress\/plugins\/seo\/ -->\n<title>Zahlungsmethoden - LIVA Extra virgin olive oil<\/title>\n<meta name=\"description\" content=\"LIVA Liguria - a noble and remarkably gentle olive oil \u2713 originates in northwestern Italy \u2713 traditional harvest \u2713 rare fruits \u2713 natural and mild aroma\" \/>\n<meta name=\"robots\" content=\"index, follow, max-snippet:-1, max-image-preview:large, max-video-preview:-1\" \/>\n<link rel=\"canonical\" href=\"https:\/\/liva-liguria.com\/de\/zahlungsmethoden\/\" \/>\n<meta property=\"og:locale\" content=\"de_DE\" \/>\n<meta property=\"og:type\" content=\"article\" \/>\n<meta property=\"og:title\" content=\"Zahlungsmethoden - LIVA Extra virgin olive oil\" \/>\n<meta property=\"og:description\" content=\"LIVA Liguria - a noble and remarkably gentle olive oil \u2713 originates in northwestern Italy \u2713 traditional harvest \u2713 rare fruits \u2713 natural and mild aroma\" \/>\n<meta property=\"og:url\" content=\"https:\/\/liva-liguria.com\/de\/zahlungsmethoden\/\" \/>\n<meta property=\"og:site_name\" content=\"LIVA Extra virgin olive oil\" \/>\n<meta property=\"article:modified_time\" content=\"2022-01-10T10:27:31+00:00\" \/>\n<meta name=\"twitter:card\" content=\"summary_large_image\" \/>\n<meta name=\"twitter:label1\" content=\"Est. reading time\" \/>\n\t<meta name=\"twitter:data1\" content=\"1 minute\" \/>\n<script type=\"application\/ld+json\" class=\"yoast-schema-graph\">{\"@context\":\"https:\/\/schema.org\",\"@graph\":[{\"@type\":\"WebPage\",\"@id\":\"https:\/\/liva-liguria.com\/de\/zahlungsmethoden\/\",\"url\":\"https:\/\/liva-liguria.com\/de\/zahlungsmethoden\/\",\"name\":\"Zahlungsmethoden - LIVA Extra virgin olive oil\",\"isPartOf\":{\"@id\":\"https:\/\/liva-liguria.com\/de\/#website\"},\"datePublished\":\"2020-01-02T10:05:22+00:00\",\"dateModified\":\"2022-01-10T10:27:31+00:00\",\"description\":\"LIVA Liguria - a noble and remarkably gentle olive oil \u2713 originates in northwestern Italy \u2713 traditional harvest \u2713 rare fruits \u2713 natural and mild aroma\",\"breadcrumb\":{\"@id\":\"https:\/\/liva-liguria.com\/de\/zahlungsmethoden\/#breadcrumb\"},\"inLanguage\":\"de-DE\",\"potentialAction\":[{\"@type\":\"ReadAction\",\"target\":[\"https:\/\/liva-liguria.com\/de\/zahlungsmethoden\/\"]}]},{\"@type\":\"BreadcrumbList\",\"@id\":\"https:\/\/liva-liguria.com\/de\/zahlungsmethoden\/#breadcrumb\",\"itemListElement\":[{\"@type\":\"ListItem\",\"position\":1,\"name\":\"Home\",\"item\":\"https:\/\/liva-liguria.com\/de\/\"},{\"@type\":\"ListItem\",\"position\":2,\"name\":\"Zahlungsmethoden\"}]},{\"@type\":\"WebSite\",\"@id\":\"https:\/\/liva-liguria.com\/de\/#website\",\"url\":\"https:\/\/liva-liguria.com\/de\/\",\"name\":\"LIVA Extra virgin olive oil\",\"description\":\"\",\"publisher\":{\"@id\":\"https:\/\/liva-liguria.com\/de\/#organization\"},\"potentialAction\":[{\"@type\":\"SearchAction\",\"target\":{\"@type\":\"EntryPoint\",\"urlTemplate\":\"https:\/\/liva-liguria.com\/de\/?s={search_term_string}\"},\"query-input\":{\"@type\":\"PropertyValueSpecification\",\"valueRequired\":true,\"valueName\":\"search_term_string\"}}],\"inLanguage\":\"de-DE\"},{\"@type\":\"Organization\",\"@id\":\"https:\/\/liva-liguria.com\/de\/#organization\",\"name\":\"LIVA\",\"url\":\"https:\/\/liva-liguria.com\/de\/\",\"logo\":{\"@type\":\"ImageObject\",\"inLanguage\":\"de-DE\",\"@id\":\"https:\/\/liva-liguria.com\/de\/#\/schema\/logo\/image\/\",\"url\":\"https:\/\/liva-liguria.com\/wp-content\/uploads\/2020\/02\/liva-logo-subline-e1607454498284.png\",\"contentUrl\":\"https:\/\/liva-liguria.com\/wp-content\/uploads\/2020\/02\/liva-logo-subline-e1607454498284.png\",\"width\":170,\"height\":184,\"caption\":\"LIVA\"},\"image\":{\"@id\":\"https:\/\/liva-liguria.com\/de\/#\/schema\/logo\/image\/\"}}]}<\/script>\n<!-- \/ Yoast SEO plugin. -->","yoast_head_json":{"title":"Zahlungsmethoden - LIVA Extra virgin olive oil","description":"LIVA Liguria - a noble and remarkably gentle olive oil \u2713 originates in northwestern Italy \u2713 traditional harvest \u2713 rare fruits \u2713 natural and mild aroma","robots":{"index":"index","follow":"follow","max-snippet":"max-snippet:-1","max-image-preview":"max-image-preview:large","max-video-preview":"max-video-preview:-1"},"canonical":"https:\/\/liva-liguria.com\/de\/zahlungsmethoden\/","og_locale":"de_DE","og_type":"article","og_title":"Zahlungsmethoden - LIVA Extra virgin olive oil","og_description":"LIVA Liguria - a noble and remarkably gentle olive oil \u2713 originates in northwestern Italy \u2713 traditional harvest \u2713 rare fruits \u2713 natural and mild aroma","og_url":"https:\/\/liva-liguria.com\/de\/zahlungsmethoden\/","og_site_name":"LIVA Extra virgin olive oil","article_modified_time":"2022-01-10T10:27:31+00:00","twitter_card":"summary_large_image","twitter_misc":{"Est. reading time":"1 minute"},"schema":{"@context":"https:\/\/schema.org","@graph":[{"@type":"WebPage","@id":"https:\/\/liva-liguria.com\/de\/zahlungsmethoden\/","url":"https:\/\/liva-liguria.com\/de\/zahlungsmethoden\/","name":"Zahlungsmethoden - LIVA Extra virgin olive oil","isPartOf":{"@id":"https:\/\/liva-liguria.com\/de\/#website"},"datePublished":"2020-01-02T10:05:22+00:00","dateModified":"2022-01-10T10:27:31+00:00","description":"LIVA Liguria - a noble and remarkably gentle olive oil \u2713 originates in northwestern Italy \u2713 traditional harvest \u2713 rare fruits \u2713 natural and mild aroma","breadcrumb":{"@id":"https:\/\/liva-liguria.com\/de\/zahlungsmethoden\/#breadcrumb"},"inLanguage":"de-DE","potentialAction":[{"@type":"ReadAction","target":["https:\/\/liva-liguria.com\/de\/zahlungsmethoden\/"]}]},{"@type":"BreadcrumbList","@id":"https:\/\/liva-liguria.com\/de\/zahlungsmethoden\/#breadcrumb","itemListElement":[{"@type":"ListItem","position":1,"name":"Home","item":"https:\/\/liva-liguria.com\/de\/"},{"@type":"ListItem","position":2,"name":"Zahlungsmethoden"}]},{"@type":"WebSite","@id":"https:\/\/liva-liguria.com\/de\/#website","url":"https:\/\/liva-liguria.com\/de\/","name":"LIVA Extra virgin olive oil","description":"","publisher":{"@id":"https:\/\/liva-liguria.com\/de\/#organization"},"potentialAction":[{"@type":"SearchAction","target":{"@type":"EntryPoint","urlTemplate":"https:\/\/liva-liguria.com\/de\/?s={search_term_string}"},"query-input":{"@type":"PropertyValueSpecification","valueRequired":true,"valueName":"search_term_string"}}],"inLanguage":"de-DE"},{"@type":"Organization","@id":"https:\/\/liva-liguria.com\/de\/#organization","name":"LIVA","url":"https:\/\/liva-liguria.com\/de\/","logo":{"@type":"ImageObject","inLanguage":"de-DE","@id":"https:\/\/liva-liguria.com\/de\/#\/schema\/logo\/image\/","url":"https:\/\/liva-liguria.com\/wp-content\/uploads\/2020\/02\/liva-logo-subline-e1607454498284.png","contentUrl":"https:\/\/liva-liguria.com\/wp-content\/uploads\/2020\/02\/liva-logo-subline-e1607454498284.png","width":170,"height":184,"caption":"LIVA"},"image":{"@id":"https:\/\/liva-liguria.com\/de\/#\/schema\/logo\/image\/"}}]}},"_links":{"self":[{"href":"https:\/\/liva-liguria.com\/de\/wp-json\/wp\/v2\/pages\/5146","targetHints":{"allow":["GET"]}}],"collection":[{"href":"https:\/\/liva-liguria.com\/de\/wp-json\/wp\/v2\/pages"}],"about":[{"href":"https:\/\/liva-liguria.com\/de\/wp-json\/wp\/v2\/types\/page"}],"author":[{"embeddable":true,"href":"https:\/\/liva-liguria.com\/de\/wp-json\/wp\/v2\/users\/10"}],"replies":[{"embeddable":true,"href":"https:\/\/liva-liguria.com\/de\/wp-json\/wp\/v2\/comments?post=5146"}],"version-history":[{"count":2,"href":"https:\/\/liva-liguria.com\/de\/wp-json\/wp\/v2\/pages\/5146\/revisions"}],"predecessor-version":[{"id":6140,"href":"https:\/\/liva-liguria.com\/de\/wp-json\/wp\/v2\/pages\/5146\/revisions\/6140"}],"wp:attachment":[{"href":"https:\/\/liva-liguria.com\/de\/wp-json\/wp\/v2\/media?parent=5146"}],"curies":[{"name":"wp","href":"https:\/\/api.w.org\/{rel}","templated":true}]}}